{"id":2147,"date":"2022-05-23T04:42:09","date_gmt":"2022-05-23T04:42:09","guid":{"rendered":"https:\/\/fabiflex.preyantechnosys.com\/?page_id=2147"},"modified":"2023-12-04T22:51:18","modified_gmt":"2023-12-04T19:51:18","slug":"about-us","status":"publish","type":"page","link":"https:\/\/aztplastik.com\/index.php\/about-us\/","title":{"rendered":"Hakk\u0131m\u0131zda"},"content":{"rendered":"\t\t<div data-elementor-type=\"wp-page\" data-elementor-id=\"2147\" class=\"elementor elementor-2147\">\n\t\t\t\t\t\t\t\t\t<section class=\"elementor-section elementor-top-section elementor-element elementor-element-85deea2 elementor-section-stretched prt-column-break-ipad-yes prt-col-stretched-none elementor-section-boxed elementor-section-height-default elementor-section-height-default\" data-id=\"85deea2\" data-element_type=\"section\" data-settings=\"{&quot;stretch_section&quot;:&quot;section-stretched&quot;}\">\n\t\t\t\t\t\t<div class=\"elementor-container elementor-column-gap-no\">\n\t\t\t\t\t<div class=\"elementor-column elementor-col-100 elementor-top-column elementor-element elementor-element-adf4d1b\" data-id=\"adf4d1b\" data-element_type=\"column\">\n\t\t\t<div class=\"elementor-widget-wrap elementor-element-populated\">\n\t\t\t\t\t\t\t\t<div class=\"elementor-element elementor-element-78aee1c prt-highlighttext-btag elementor-widget elementor-widget-tm_icon_heading\" data-id=\"78aee1c\" data-element_type=\"widget\" data-widget_type=\"tm_icon_heading.default\">\n\t\t\t\t<div class=\"elementor-widget-container\">\n\t\t\t\n<div class=\"preyantechnosys-iconbox preyantechnosys-iconbox-stylethree preyantechnosys-iconcolor-skincolor\">\n\n<div class=\"preyantechnosys-iconbox-inner\">\n\t\t<div class=\"prt-iconbox-wrapper prt-wrap\">\n\t\t\t<div class=\"preyantechnosys-iconbox-icon prt-wrap-cell\">\n\t\t\t<div class=\"prt-box-icon\"><i class=\"kw_fabiflex flaticon-thread\"><\/i><\/div>\t\t\t<\/div>\n\t\t\t<div class=\"preyantechnosys-iconbox-heading prt-wrap-cell\">\n\t\t\t\t\t\t\t\t<h2 class=\"prt-custom-heading\">\n\t\t\t\t\t\n\t\t\t\t\t\tBu yolculukta, <span> 2018 y\u0131l\u0131ndan beri <\/span> sizlerle birlikteyiz.\n\t\t\t\t\t\n\t\t\t\t\t<\/h2>\n\t\t\t\t\t\n\t\t\t\t\t\t\t\n\t\t\t<\/div>\t\n\t\t\t\n\t\t<\/div>\n\t<\/div>\t\n\n<\/div>\n\t\t<\/div>\n\t\t\t\t<\/div>\n\t\t\t\t<div class=\"elementor-element elementor-element-8012cd9 elementor-widget__width-initial elementor-widget elementor-widget-text-editor\" data-id=\"8012cd9\" data-element_type=\"widget\" data-widget_type=\"text-editor.default\">\n\t\t\t\t<div class=\"elementor-widget-container\">\n\t\t\t<style>\/*! elementor - v3.17.0 - 08-11-2023 *\/\n.elementor-widget-text-editor.elementor-drop-cap-view-stacked .elementor-drop-cap{background-color:#69727d;color:#fff}.elementor-widget-text-editor.elementor-drop-cap-view-framed .elementor-drop-cap{color:#69727d;border:3px solid;background-color:transparent}.elementor-widget-text-editor:not(.elementor-drop-cap-view-default) .elementor-drop-cap{margin-top:8px}.elementor-widget-text-editor:not(.elementor-drop-cap-view-default) .elementor-drop-cap-letter{width:1em;height:1em}.elementor-widget-text-editor .elementor-drop-cap{float:left;text-align:center;line-height:1;font-size:50px}.elementor-widget-text-editor .elementor-drop-cap-letter{display:inline-block}<\/style>\t\t\t\t<p>Laminasyon film ve dokuma kuma\u015f \u00fcretimine tek bir hatla ba\u015flayan AZT Plast, \u015fimdi 3 farkl\u0131 \u00fcretim hatt\u0131nda plastik ve tekstil \u00fcr\u00fcnleriyle yolculu\u011funa devam ediyor.\u00a0<\/p>\t\t\t\t\t\t<\/div>\n\t\t\t\t<\/div>\n\t\t\t\t<div class=\"elementor-element elementor-element-35b497a prt-align-left elementor-widget elementor-widget-tm_heading\" data-id=\"35b497a\" data-element_type=\"widget\" data-widget_type=\"tm_heading.default\">\n\t\t\t\t<div class=\"elementor-widget-container\">\n\t\t\t<div class=\"prt-element-heading-content-wrapper left-align prt-reverse-heading-yes prt-seperator-style1  prt-heading-style-vertical \"><div class=\"prt-content-header\"><h4 class=\"prt-element-subheading\">\n\t\t\t\tBilgi Edinin\n\t\t\t<\/h4>\n\t\t<h2 class=\"prt-element-content-heading\">\n\t\t\t\t\u0130pliklerimizde Yarat\u0131c\u0131l\u0131\u011f\u0131 Dokuyoruz.<br>Filmlerde Yenilik\u00e7i Dokular \u0130n\u015fa Ediyoruz\n\t\t\t<\/h2>\n\t\t<\/div><\/div>\t\t<\/div>\n\t\t\t\t<\/div>\n\t\t\t\t<div class=\"elementor-element elementor-element-c276767 elementor-icon-list--layout-traditional elementor-list-item-link-full_width elementor-widget elementor-widget-icon-list\" data-id=\"c276767\" data-element_type=\"widget\" data-widget_type=\"icon-list.default\">\n\t\t\t\t<div class=\"elementor-widget-container\">\n\t\t\t<link rel=\"stylesheet\" href=\"https:\/\/aztplastik.com\/wp-content\/plugins\/elementor\/assets\/css\/widget-icon-list.min.css\">\t\t<ul class=\"elementor-icon-list-items\">\n\t\t\t\t\t\t\t<li class=\"elementor-icon-list-item\">\n\t\t\t\t\t\t\t\t\t\t\t<span class=\"elementor-icon-list-icon\">\n\t\t\t\t\t\t\t<i aria-hidden=\"true\" class=\"fas fa-check-circle\"><\/i>\t\t\t\t\t\t<\/span>\n\t\t\t\t\t\t\t\t\t\t<span class=\"elementor-icon-list-text\">\u00dcst\u00fcn teknoloji makinelerimizle kuma\u015f ve laminasyon film \u00fcretimini y\u00fcksek kalite ile yap\u0131yoruz.<\/span>\n\t\t\t\t\t\t\t\t\t<\/li>\n\t\t\t\t\t\t\t\t<li class=\"elementor-icon-list-item\">\n\t\t\t\t\t\t\t\t\t\t\t<span class=\"elementor-icon-list-icon\">\n\t\t\t\t\t\t\t<i aria-hidden=\"true\" class=\"fas fa-check-circle\"><\/i>\t\t\t\t\t\t<\/span>\n\t\t\t\t\t\t\t\t\t\t<span class=\"elementor-icon-list-text\"> Y\u00fcksek kapasiteli \u00fcretim hatlar\u0131m\u0131z ile taleplerinizi kar\u015f\u0131l\u0131yoruz.<\/span>\n\t\t\t\t\t\t\t\t\t<\/li>\n\t\t\t\t\t\t\t\t<li class=\"elementor-icon-list-item\">\n\t\t\t\t\t\t\t\t\t\t\t<span class=\"elementor-icon-list-icon\">\n\t\t\t\t\t\t\t<i aria-hidden=\"true\" class=\"fas fa-check-circle\"><\/i>\t\t\t\t\t\t<\/span>\n\t\t\t\t\t\t\t\t\t\t<span class=\"elementor-icon-list-text\">Yeni yat\u0131r\u0131mlar\u0131m\u0131zla \u00fcr\u00fcn \u00e7e\u015fitlili\u011fimizi artt\u0131r\u0131yoruz.<\/span>\n\t\t\t\t\t\t\t\t\t<\/li>\n\t\t\t\t\t\t<\/ul>\n\t\t\t\t<\/div>\n\t\t\t\t<\/div>\n\t\t\t\t\t<\/div>\n\t\t<\/div>\n\t\t\t\t\t\t\t<\/div>\n\t\t<\/section>\n\t\t<div class=\"elementor-element elementor-element-77ab84a e-flex e-con-boxed e-con e-parent\" data-id=\"77ab84a\" data-element_type=\"container\" data-settings=\"{&quot;content_width&quot;:&quot;boxed&quot;}\" data-core-v316-plus=\"true\">\n\t\t\t\t\t<div class=\"e-con-inner\">\n\t\t\t\t<div class=\"elementor-element elementor-element-5576fe5 elementor-widget elementor-widget-text-editor\" data-id=\"5576fe5\" data-element_type=\"widget\" data-widget_type=\"text-editor.default\">\n\t\t\t\t<div class=\"elementor-widget-container\">\n\t\t\t\t\t\t\t<h1 style=\"text-align: center;\">DOKUMA VE \u00d6RME KUMA\u015eLARIMIZ TEKST\u0130LE Y\u00d6N VER\u0130YOR!<\/h1>\t\t\t\t\t\t<\/div>\n\t\t\t\t<\/div>\n\t\t\t\t\t<\/div>\n\t\t\t\t<\/div>\n\t\t\t\t<section class=\"elementor-section elementor-top-section elementor-element elementor-element-8d7dd1c prt-column-break-ipad-yes elementor-section-stretched prt-bgcolor-grey prt-col-stretched-none elementor-section-boxed elementor-section-height-default elementor-section-height-default\" data-id=\"8d7dd1c\" data-element_type=\"section\" data-settings=\"{&quot;stretch_section&quot;:&quot;section-stretched&quot;}\">\n\t\t\t\t\t\t<div class=\"elementor-container elementor-column-gap-default\">\n\t\t\t\t\t<div class=\"elementor-column elementor-col-100 elementor-top-column elementor-element elementor-element-cae484c\" data-id=\"cae484c\" data-element_type=\"column\">\n\t\t\t<div class=\"elementor-widget-wrap elementor-element-populated\">\n\t\t\t\t\t\t\t\t<div class=\"elementor-section elementor-inner-section elementor-element elementor-element-a29ea5c prt-iconbox-bg-color prt-column-break-ipad-no prt-col-stretched-none elementor-section-boxed elementor-section-height-default elementor-section-height-default\" data-id=\"a29ea5c\" data-element_type=\"section\">\n\t\t\t\t\t\t<div class=\"elementor-container elementor-column-gap-default\">\n\t\t\t\t\t<div class=\"elementor-column elementor-col-50 elementor-inner-column elementor-element elementor-element-aa68438\" data-id=\"aa68438\" data-element_type=\"column\">\n\t\t\t<div class=\"elementor-widget-wrap elementor-element-populated\">\n\t\t\t\t\t\t\t\t<div class=\"elementor-element elementor-element-11e3a83 elementor-widget elementor-widget-tm_icon_heading\" data-id=\"11e3a83\" data-element_type=\"widget\" data-widget_type=\"tm_icon_heading.default\">\n\t\t\t\t<div class=\"elementor-widget-container\">\n\t\t\t\n<div class=\"preyantechnosys-iconbox preyantechnosys-iconbox-stylefour preyantechnosys-iconbox-stylefour preyantechnosys-iconcolor-darkgrey\">\n\n<div class=\"preyantechnosys-iconbox-inner\">\n\t\t<div class=\"prt-iconbox-wrapper prt-wrap\">\n\t\t\t<div class=\"preyantechnosys-iconbox-icon prt-wrap-cell\">\n\t\t\t<div class=\"prt-box-icon\"><i class=\"kw_fabiflex flaticon-textiles\"><\/i><\/div>\t\t\t<\/div>\n\t\t\t<div class=\"preyantechnosys-iconbox-heading prt-wrap-cell\">\n\t\t\t\t<h2 class=\"prt-custom-heading\">\n\t\t\t\t\t\n\t\t\t\t\t\tDokuma Kuma\u015f \u00c7e\u015fitleri\n\t\t\t\t\t\n\t\t\t\t\t<\/h2>\n\t\t\t\t\t\t\t\t\t\t\t\t<div class=\"prt-cta3-content-wrapper\">Konfeksiyon -giyim kuma\u015flar\u0131 <br>Ev tekstili kuma\u015flar\u0131<br>Teknik tekstil kuma\u015flar\u0131 \n\n\n<\/div>\t\t\t\t\t\t\t<\/div>\t\n\t\t<\/div>\n\t<\/div>\t\n\n<\/div>\n\t\t<\/div>\n\t\t\t\t<\/div>\n\t\t\t\t\t<\/div>\n\t\t<\/div>\n\t\t\t\t<div class=\"elementor-column elementor-col-50 elementor-inner-column elementor-element elementor-element-ac34c22\" data-id=\"ac34c22\" data-element_type=\"column\">\n\t\t\t<div class=\"elementor-widget-wrap elementor-element-populated\">\n\t\t\t\t\t\t\t\t<div class=\"elementor-element elementor-element-7339e59 elementor-widget elementor-widget-tm_icon_heading\" data-id=\"7339e59\" data-element_type=\"widget\" data-widget_type=\"tm_icon_heading.default\">\n\t\t\t\t<div class=\"elementor-widget-container\">\n\t\t\t\n<div class=\"preyantechnosys-iconbox preyantechnosys-iconbox-stylefour preyantechnosys-iconbox-stylefour preyantechnosys-iconcolor-darkgrey\">\n\n<div class=\"preyantechnosys-iconbox-inner\">\n\t\t<div class=\"prt-iconbox-wrapper prt-wrap\">\n\t\t\t<div class=\"preyantechnosys-iconbox-icon prt-wrap-cell\">\n\t\t\t<div class=\"prt-box-icon\"><i class=\"kw_fabiflex flaticon-textiles-1\"><\/i><\/div>\t\t\t<\/div>\n\t\t\t<div class=\"preyantechnosys-iconbox-heading prt-wrap-cell\">\n\t\t\t\t<h2 class=\"prt-custom-heading\">\n\t\t\t\t\t\n\t\t\t\t\t\t\u00d6rme Kuma\u015f \u00c7e\u015fitleri\n\t\t\t\t\t\n\t\t\t\t\t<\/h2>\n\t\t\t\t\t\t\t\t\t\t\t\t<div class=\"prt-cta3-content-wrapper\">Ev tekstili-Hal\u0131 i\u00e7in Geni\u015f Ende Kadife Kuma\u015flar<br>\nKonfeksiyon -Giyim Kadife<br>\nWelsoft Pelu\u015f Kuma\u015flar \n<\/div>\t\t\t\t\t\t\t<\/div>\t\n\t\t<\/div>\n\t<\/div>\t\n\n<\/div>\n\t\t<\/div>\n\t\t\t\t<\/div>\n\t\t\t\t\t<\/div>\n\t\t<\/div>\n\t\t\t\t\t\t\t<\/div>\n\t\t<\/div>\n\t\t\t\t\t<\/div>\n\t\t<\/div>\n\t\t\t\t\t\t\t<\/div>\n\t\t<\/section>\n\t\t\t\t\t\t\t<\/div>\n\t\t","protected":false},"excerpt":{"rendered":"<p>Bu yolculukta, 2018 y\u0131l\u0131ndan beri sizlerle birlikteyiz. Laminasyon film ve dokuma kuma\u015f \u00fcretimine tek bir hatla ba\u015flayan AZT Plast, \u015fimdi 3 farkl\u0131 \u00fcretim hatt\u0131nda plastik ve tekstil \u00fcr\u00fcnleriyle yolculu\u011funa devam ediyor.\u00a0 Bilgi Edinin \u0130pliklerimizde Yarat\u0131c\u0131l\u0131\u011f\u0131 Dokuyoruz.Filmlerde Yenilik\u00e7i Dokular \u0130n\u015fa Ediyoruz \u00dcst\u00fcn teknoloji makinelerimizle kuma\u015f ve laminasyon film \u00fcretimini y\u00fcksek kalite ile yap\u0131yoruz. Y\u00fcksek kapasiteli \u00fcretim &hellip; <a href=\"https:\/\/aztplastik.com\/index.php\/about-us\/\" class=\"more-link\">Continue reading <span class=\"screen-reader-text\">Hakk\u0131m\u0131zda<\/span><\/a><\/p>\n","protected":false},"author":1,"featured_media":0,"parent":0,"menu_order":0,"comment_status":"closed","ping_status":"closed","template":"","meta":{"footnotes":""},"class_list":["post-2147","page","type-page","status-publish","hentry"],"_links":{"self":[{"href":"https:\/\/aztplastik.com\/index.php\/wp-json\/wp\/v2\/pages\/2147","targetHints":{"allow":["GET"]}}],"collection":[{"href":"https:\/\/aztplastik.com\/index.php\/wp-json\/wp\/v2\/pages"}],"about":[{"href":"https:\/\/aztplastik.com\/index.php\/wp-json\/wp\/v2\/types\/page"}],"author":[{"embeddable":true,"href":"https:\/\/aztplastik.com\/index.php\/wp-json\/wp\/v2\/users\/1"}],"replies":[{"embeddable":true,"href":"https:\/\/aztplastik.com\/index.php\/wp-json\/wp\/v2\/comments?post=2147"}],"version-history":[{"count":58,"href":"https:\/\/aztplastik.com\/index.php\/wp-json\/wp\/v2\/pages\/2147\/revisions"}],"predecessor-version":[{"id":9785,"href":"https:\/\/aztplastik.com\/index.php\/wp-json\/wp\/v2\/pages\/2147\/revisions\/9785"}],"wp:attachment":[{"href":"https:\/\/aztplastik.com\/index.php\/wp-json\/wp\/v2\/media?parent=2147"}],"curies":[{"name":"wp","href":"https:\/\/api.w.org\/{rel}","templated":true}]}}