{"id":2284,"date":"2022-05-23T10:07:04","date_gmt":"2022-05-23T10:07:04","guid":{"rendered":"https:\/\/fabiflex.preyantechnosys.com\/?page_id=2284"},"modified":"2023-12-04T23:29:33","modified_gmt":"2023-12-04T20:29:33","slug":"urunlerimiz","status":"publish","type":"page","link":"https:\/\/aztplastik.com\/index.php\/urunlerimiz\/","title":{"rendered":"\u00dcr\u00fcnlerimiz"},"content":{"rendered":"\t\t<div data-elementor-type=\"wp-page\" data-elementor-id=\"2284\" class=\"elementor elementor-2284\">\n\t\t\t\t\t\t\t\t\t<section class=\"elementor-section elementor-top-section elementor-element elementor-element-eacbdfd prt-column-break-ipad-yes elementor-section-stretched prt-col-stretched-none elementor-section-boxed elementor-section-height-default elementor-section-height-default\" data-id=\"eacbdfd\" data-element_type=\"section\" data-settings=\"{&quot;stretch_section&quot;:&quot;section-stretched&quot;}\">\n\t\t\t\t\t\t<div class=\"elementor-container elementor-column-gap-default\">\n\t\t\t\t\t<div class=\"elementor-column elementor-col-100 elementor-top-column elementor-element elementor-element-d28fa8e\" data-id=\"d28fa8e\" data-element_type=\"column\">\n\t\t\t<div class=\"elementor-widget-wrap elementor-element-populated\">\n\t\t\t\t\t\t\t\t<div class=\"elementor-element elementor-element-e470d04 prt-align-center elementor-widget elementor-widget-tm_heading\" data-id=\"e470d04\" data-element_type=\"widget\" data-widget_type=\"tm_heading.default\">\n\t\t\t\t<div class=\"elementor-widget-container\">\n\t\t\t<div class=\"prt-element-heading-content-wrapper center-align  prt-seperator-solid  prt-heading-style-vertical \"><div class=\"prt-content-header\"><h2 class=\"prt-element-content-heading\">\n\t\t\t\tPLAST\u0130K VE TEKST\u0130L\n<br>\u00dcR\u00dcNLER\u0130M\u0130ZE B\u0130R G\u00d6Z ATIN\n\t\t\t<\/h2>\n\t\t<\/div><\/div>\t\t<\/div>\n\t\t\t\t<\/div>\n\t\t\t\t<div class=\"elementor-section elementor-inner-section elementor-element elementor-element-e1d0ddb prt-column-break-ipad-yes prt-col-stretched-none elementor-section-boxed elementor-section-height-default elementor-section-height-default\" data-id=\"e1d0ddb\" data-element_type=\"section\">\n\t\t\t\t\t\t<div class=\"elementor-container elementor-column-gap-default\">\n\t\t\t\t\t<div class=\"elementor-column elementor-col-100 elementor-inner-column elementor-element elementor-element-1ef0d05 prt-textcolor-skincolor\" data-id=\"1ef0d05\" data-element_type=\"column\">\n\t\t\t<div class=\"elementor-widget-wrap elementor-element-populated\">\n\t\t\t\t\t\t\t\t<div class=\"elementor-element elementor-element-3be53d8 prt-align-left elementor-widget elementor-widget-tm_service_element\" data-id=\"3be53d8\" data-element_type=\"widget\" data-widget_type=\"tm_service_element.default\">\n\t\t\t\t<div class=\"elementor-widget-container\">\n\t\t\t\n\t\t<div class=\"preyantechnosys-boxes preyantechnosys-boxes-service preyantechnosys-element-servicebox-stylesix preyantechnosys-boxes-view-default preyantechnosys-boxes-col-three preyantechnosys-boxes-gap-30px\" data-prt-show=\"3\" data-prt-loop=\"1\" data-prt-autoplay=\"0\" data-prt-centermode=\"0\" data-prt-nav=\"\" data-prt-dots=\"\" data-prt-slidestoscroll=\"\" data-prt-autoplayspeed=\"4500\" data-prt-centerpadding=\"800\" data-prt-margin=\"30px\"><div class=\"preyantechnosys-boxes-inner\">\n\t\t\n\t\t\t<div class=\"preyantechnosys-box-heading-wrapper prt-boxwithout-heading\">\n\t\t\t\t<div class=\"prt-element-heading-content-wrapper left-align  prt-seperator-style1  prt-heading-style-vertical \"><div class=\"prt-content-header\"><\/div><\/div>\t\t\t\t\t\t\t<\/div>\n\n\t\t\t<div class=\"preyantechnosys-boxes-row-wrapper row multi-columns-row\">\n\n\t\t\t<div class=\"prt-box-col-wrapper  uretim col-lg-4 col-sm-6 col-md-4 col-xs-12\"><article class=\"preyantechnosys-box preyantechnosys-box-service preyantechnosys-servicebox-stylesix \">\n\t<div class=\"preyantechnosys-post-item\">\n\t\t<div class=\"preyantechnosys-box-bottom-content prt-shadow-box\">\t\n\t\t\t<div class=\"prt-box-icon\">\n\t\t\t\t<i class=\"kw_fabiflex flaticon-silk\"><\/i>\t\t\t\t\t<div class=\"prt-servicebox-detials\">\n\t\t\t\t\t<div class=\"preyantechnosys-box-title\"><h4><a href=\"https:\/\/aztplastik.com\/index.php\/urunlerimiz\/laminasyon-film\/\">Laminasyon Film<\/a><\/h4><\/div>\t\t\t\t\t<div class=\"prt-servicebox-category\">\n\t\t\t\t\t\t<h6>\u00dcretim<\/h6>\n\t\t\t\t\t<\/div>\n\t\t\t\t<\/div>\n\t\t\t<\/div>\n\t\t\t<div class=\"preyantechnosys-serviceboxbox-readmore\">\n\t\t\t\t\t<a href=\"https:\/\/aztplastik.com\/index.php\/urunlerimiz\/laminasyon-film\/\" rel=\"bookmark\">READ MORE<i class=\"prt-fabiflex-icon-plus\"><\/i><\/a>\n\t\t\t\t<\/div>\n\t\t\t<\/div>\n\t<\/div>\n<\/article>\n\n\n\n<\/div><div class=\"prt-box-col-wrapper  uretim col-lg-4 col-sm-6 col-md-4 col-xs-12\"><article class=\"preyantechnosys-box preyantechnosys-box-service preyantechnosys-servicebox-stylesix \">\n\t<div class=\"preyantechnosys-post-item\">\n\t\t<div class=\"preyantechnosys-box-bottom-content prt-shadow-box\">\t\n\t\t\t<div class=\"prt-box-icon\">\n\t\t\t\t<i class=\"kw_fabiflex flaticon-textile-2\"><\/i>\t\t\t\t\t<div class=\"prt-servicebox-detials\">\n\t\t\t\t\t<div class=\"preyantechnosys-box-title\"><h4><a href=\"https:\/\/aztplastik.com\/index.php\/urunlerimiz\/dokuma-kumas\/\">Dokuma Kuma\u015f<\/a><\/h4><\/div>\t\t\t\t\t<div class=\"prt-servicebox-category\">\n\t\t\t\t\t\t<h6>\u00dcretim<\/h6>\n\t\t\t\t\t<\/div>\n\t\t\t\t<\/div>\n\t\t\t<\/div>\n\t\t\t<div class=\"preyantechnosys-serviceboxbox-readmore\">\n\t\t\t\t\t<a href=\"https:\/\/aztplastik.com\/index.php\/urunlerimiz\/dokuma-kumas\/\" rel=\"bookmark\">READ MORE<i class=\"prt-fabiflex-icon-plus\"><\/i><\/a>\n\t\t\t\t<\/div>\n\t\t\t<\/div>\n\t<\/div>\n<\/article>\n\n\n\n<\/div><div class=\"prt-box-col-wrapper  uretim col-lg-4 col-sm-6 col-md-4 col-xs-12\"><article class=\"preyantechnosys-box preyantechnosys-box-service preyantechnosys-servicebox-stylesix \">\n\t<div class=\"preyantechnosys-post-item\">\n\t\t<div class=\"preyantechnosys-box-bottom-content prt-shadow-box\">\t\n\t\t\t<div class=\"prt-box-icon\">\n\t\t\t\t<i class=\"kw_fabiflex flaticon-textiles-1\"><\/i>\t\t\t\t\t<div class=\"prt-servicebox-detials\">\n\t\t\t\t\t<div class=\"preyantechnosys-box-title\"><h4><a href=\"https:\/\/aztplastik.com\/index.php\/urunlerimiz\/orme-kumas\/\">\u00d6rme Kuma\u015f<\/a><\/h4><\/div>\t\t\t\t\t<div class=\"prt-servicebox-category\">\n\t\t\t\t\t\t<h6>\u00dcretim<\/h6>\n\t\t\t\t\t<\/div>\n\t\t\t\t<\/div>\n\t\t\t<\/div>\n\t\t\t<div class=\"preyantechnosys-serviceboxbox-readmore\">\n\t\t\t\t\t<a href=\"https:\/\/aztplastik.com\/index.php\/urunlerimiz\/orme-kumas\/\" rel=\"bookmark\">READ MORE<i class=\"prt-fabiflex-icon-plus\"><\/i><\/a>\n\t\t\t\t<\/div>\n\t\t\t<\/div>\n\t<\/div>\n<\/article>\n\n\n\n<\/div>\n\t\t\t<\/div>\n\n\t\t\t<\/div><!-- .preyantechnosys-boxes-inner -->   <\/div><!-- .preyantechnosys-boxes -->  \t\t<\/div>\n\t\t\t\t<\/div>\n\t\t\t\t\t<\/div>\n\t\t<\/div>\n\t\t\t\t\t\t\t<\/div>\n\t\t<\/div>\n\t\t\t\t\t<\/div>\n\t\t<\/div>\n\t\t\t\t\t\t\t<\/div>\n\t\t<\/section>\n\t\t\t\t\t\t\t<\/div>\n\t\t","protected":false},"excerpt":{"rendered":"<p>PLAST\u0130K VE TEKST\u0130L \u00dcR\u00dcNLER\u0130M\u0130ZE B\u0130R G\u00d6Z ATIN Laminasyon Film READ MORE Dokuma Kuma\u015f READ MORE \u00d6rme Kuma\u015f READ MORE<\/p>\n","protected":false},"author":1,"featured_media":0,"parent":0,"menu_order":0,"comment_status":"closed","ping_status":"closed","template":"","meta":{"footnotes":""},"class_list":["post-2284","page","type-page","status-publish","hentry"],"_links":{"self":[{"href":"https:\/\/aztplastik.com\/index.php\/wp-json\/wp\/v2\/pages\/2284","targetHints":{"allow":["GET"]}}],"collection":[{"href":"https:\/\/aztplastik.com\/index.php\/wp-json\/wp\/v2\/pages"}],"about":[{"href":"https:\/\/aztplastik.com\/index.php\/wp-json\/wp\/v2\/types\/page"}],"author":[{"embeddable":true,"href":"https:\/\/aztplastik.com\/index.php\/wp-json\/wp\/v2\/users\/1"}],"replies":[{"embeddable":true,"href":"https:\/\/aztplastik.com\/index.php\/wp-json\/wp\/v2\/comments?post=2284"}],"version-history":[{"count":7,"href":"https:\/\/aztplastik.com\/index.php\/wp-json\/wp\/v2\/pages\/2284\/revisions"}],"predecessor-version":[{"id":9543,"href":"https:\/\/aztplastik.com\/index.php\/wp-json\/wp\/v2\/pages\/2284\/revisions\/9543"}],"wp:attachment":[{"href":"https:\/\/aztplastik.com\/index.php\/wp-json\/wp\/v2\/media?parent=2284"}],"curies":[{"name":"wp","href":"https:\/\/api.w.org\/{rel}","templated":true}]}}