{"id":9838,"date":"2025-09-18T20:11:53","date_gmt":"2025-09-18T17:11:53","guid":{"rendered":"https:\/\/aztplastik.com\/?page_id=9838"},"modified":"2025-09-24T10:07:30","modified_gmt":"2025-09-24T07:07:30","slug":"hali-uretim","status":"publish","type":"page","link":"https:\/\/aztplastik.com\/index.php\/hali-uretim\/","title":{"rendered":"Hal\u0131 \u00dcretim"},"content":{"rendered":"\t\t<div data-elementor-type=\"wp-page\" data-elementor-id=\"9838\" class=\"elementor elementor-9838\">\n\t\t\t\t\t\t\t<div class=\"elementor-element elementor-element-3e02ebc e-con-full e-flex e-con e-parent\" data-id=\"3e02ebc\" data-element_type=\"container\" data-settings=\"{&quot;content_width&quot;:&quot;full&quot;}\" data-core-v316-plus=\"true\">\n\t\t\t\t<div class=\"elementor-element elementor-element-356cefb e-transform e-transform elementor-widget elementor-widget-heading\" data-id=\"356cefb\" data-element_type=\"widget\" data-settings=\"{&quot;_transform_translateX_effect&quot;:{&quot;unit&quot;:&quot;px&quot;,&quot;size&quot;:&quot;&quot;,&quot;sizes&quot;:[]},&quot;_transform_translateX_effect_tablet&quot;:{&quot;unit&quot;:&quot;px&quot;,&quot;size&quot;:&quot;&quot;,&quot;sizes&quot;:[]},&quot;_transform_translateX_effect_mobile&quot;:{&quot;unit&quot;:&quot;px&quot;,&quot;size&quot;:&quot;&quot;,&quot;sizes&quot;:[]},&quot;_transform_translateY_effect&quot;:{&quot;unit&quot;:&quot;px&quot;,&quot;size&quot;:&quot;&quot;,&quot;sizes&quot;:[]},&quot;_transform_translateY_effect_tablet&quot;:{&quot;unit&quot;:&quot;px&quot;,&quot;size&quot;:&quot;&quot;,&quot;sizes&quot;:[]},&quot;_transform_translateY_effect_mobile&quot;:{&quot;unit&quot;:&quot;px&quot;,&quot;size&quot;:&quot;&quot;,&quot;sizes&quot;:[]},&quot;_transform_scale_effect&quot;:{&quot;unit&quot;:&quot;px&quot;,&quot;size&quot;:&quot;&quot;,&quot;sizes&quot;:[]},&quot;_transform_scale_effect_tablet&quot;:{&quot;unit&quot;:&quot;px&quot;,&quot;size&quot;:&quot;&quot;,&quot;sizes&quot;:[]},&quot;_transform_scale_effect_mobile&quot;:{&quot;unit&quot;:&quot;px&quot;,&quot;size&quot;:&quot;&quot;,&quot;sizes&quot;:[]}}\" data-widget_type=\"heading.default\">\n\t\t\t\t<div class=\"elementor-widget-container\">\n\t\t\t<style>\/*! elementor - v3.17.0 - 08-11-2023 *\/\n.elementor-heading-title{padding:0;margin:0;line-height:1}.elementor-widget-heading .elementor-heading-title[class*=elementor-size-]>a{color:inherit;font-size:inherit;line-height:inherit}.elementor-widget-heading .elementor-heading-title.elementor-size-small{font-size:15px}.elementor-widget-heading .elementor-heading-title.elementor-size-medium{font-size:19px}.elementor-widget-heading .elementor-heading-title.elementor-size-large{font-size:29px}.elementor-widget-heading .elementor-heading-title.elementor-size-xl{font-size:39px}.elementor-widget-heading .elementor-heading-title.elementor-size-xxl{font-size:59px}<\/style><h2 class=\"elementor-heading-title elementor-size-small\">Modern teknolojilerle \u00fcretilen, estetik ve dayan\u0131kl\u0131 hal\u0131lar<\/h2>\t\t<\/div>\n\t\t\t\t<\/div>\n\t\t\t\t<\/div>\n\t\t<div class=\"elementor-element elementor-element-5527d73c e-flex e-con-boxed e-con e-parent\" data-id=\"5527d73c\" data-element_type=\"container\" data-settings=\"{&quot;content_width&quot;:&quot;boxed&quot;}\" data-core-v316-plus=\"true\">\n\t\t\t\t\t<div class=\"e-con-inner\">\n\t\t\t\t<div class=\"elementor-element elementor-element-11ee504f elementor-widget elementor-widget-text-editor\" data-id=\"11ee504f\" data-element_type=\"widget\" data-widget_type=\"text-editor.default\">\n\t\t\t\t<div class=\"elementor-widget-container\">\n\t\t\t<style>\/*! elementor - v3.17.0 - 08-11-2023 *\/\n.elementor-widget-text-editor.elementor-drop-cap-view-stacked .elementor-drop-cap{background-color:#69727d;color:#fff}.elementor-widget-text-editor.elementor-drop-cap-view-framed .elementor-drop-cap{color:#69727d;border:3px solid;background-color:transparent}.elementor-widget-text-editor:not(.elementor-drop-cap-view-default) .elementor-drop-cap{margin-top:8px}.elementor-widget-text-editor:not(.elementor-drop-cap-view-default) .elementor-drop-cap-letter{width:1em;height:1em}.elementor-widget-text-editor .elementor-drop-cap{float:left;text-align:center;line-height:1;font-size:50px}.elementor-widget-text-editor .elementor-drop-cap-letter{display:inline-block}<\/style>\t\t\t\t<!-- wp:gallery {\"linkTo\":\"none\"} -->\n<figure class=\"wp-block-gallery has-nested-images columns-default is-cropped\"><!-- wp:image {\"id\":9845,\"sizeSlug\":\"large\",\"linkDestination\":\"none\"} -->\n<figure class=\"wp-block-image size-large\"><img fetchpriority=\"high\" decoding=\"async\" width=\"1024\" height=\"768\" class=\"wp-image-9845\" src=\"https:\/\/aztplastik.com\/wp-content\/uploads\/2025\/09\/IMG-20250916-WA0005-1024x768.jpg\" alt=\"\" srcset=\"https:\/\/aztplastik.com\/wp-content\/uploads\/2025\/09\/IMG-20250916-WA0005-1024x768.jpg 1024w, https:\/\/aztplastik.com\/wp-content\/uploads\/2025\/09\/IMG-20250916-WA0005-300x225.jpg 300w, https:\/\/aztplastik.com\/wp-content\/uploads\/2025\/09\/IMG-20250916-WA0005-768x576.jpg 768w, https:\/\/aztplastik.com\/wp-content\/uploads\/2025\/09\/IMG-20250916-WA0005-1536x1152.jpg 1536w, https:\/\/aztplastik.com\/wp-content\/uploads\/2025\/09\/IMG-20250916-WA0005.jpg 1600w\" sizes=\"(max-width: 1024px) 100vw, 1024px\" \/><\/figure>\n<!-- \/wp:image --><!-- wp:image {\"id\":9846,\"sizeSlug\":\"large\",\"linkDestination\":\"none\"} -->\n<figure class=\"wp-block-image size-large\"><img decoding=\"async\" width=\"768\" height=\"1024\" class=\"wp-image-9846\" src=\"https:\/\/aztplastik.com\/wp-content\/uploads\/2025\/09\/IMG-20250916-WA0006-768x1024.jpg\" alt=\"\" srcset=\"https:\/\/aztplastik.com\/wp-content\/uploads\/2025\/09\/IMG-20250916-WA0006-768x1024.jpg 768w, https:\/\/aztplastik.com\/wp-content\/uploads\/2025\/09\/IMG-20250916-WA0006-225x300.jpg 225w, https:\/\/aztplastik.com\/wp-content\/uploads\/2025\/09\/IMG-20250916-WA0006-1152x1536.jpg 1152w, https:\/\/aztplastik.com\/wp-content\/uploads\/2025\/09\/IMG-20250916-WA0006.jpg 1200w\" sizes=\"(max-width: 768px) 100vw, 768px\" \/><\/figure>\n<!-- \/wp:image --><\/figure>\n<!-- \/wp:gallery -->\t\t\t\t\t\t<\/div>\n\t\t\t\t<\/div>\n\t\t\t\t\t<\/div>\n\t\t\t\t<\/div>\n\t\t<div class=\"elementor-element elementor-element-7075b02 e-flex e-con-boxed e-con e-parent\" data-id=\"7075b02\" data-element_type=\"container\" data-settings=\"{&quot;content_width&quot;:&quot;boxed&quot;}\" data-core-v316-plus=\"true\">\n\t\t\t\t\t<div class=\"e-con-inner\">\n\t\t\t\t<div class=\"elementor-element elementor-element-86f4aad elementor-widget elementor-widget-text-editor\" data-id=\"86f4aad\" data-element_type=\"widget\" data-widget_type=\"text-editor.default\">\n\t\t\t\t<div class=\"elementor-widget-container\">\n\t\t\t\t\t\t\t\t\t\t\t\t\t<\/div>\n\t\t\t\t<\/div>\n\t\t\t\t\t<\/div>\n\t\t\t\t<\/div>\n\t\t<div class=\"elementor-element elementor-element-b9b6f83 e-flex e-con-boxed e-con e-parent\" data-id=\"b9b6f83\" data-element_type=\"container\" data-settings=\"{&quot;content_width&quot;:&quot;boxed&quot;}\" data-core-v316-plus=\"true\">\n\t\t\t\t\t<div class=\"e-con-inner\">\n\t\t\t\t<div class=\"elementor-element elementor-element-635627a elementor-widget elementor-widget-text-editor\" data-id=\"635627a\" data-element_type=\"widget\" data-widget_type=\"text-editor.default\">\n\t\t\t\t<div class=\"elementor-widget-container\">\n\t\t\t\t\t\t\t<ul data-start=\"1122\" data-end=\"1366\">\n<li data-start=\"1289\" data-end=\"1366\">\n<p data-start=\"158\" data-end=\"354\">Firmam\u0131z, 2025 y\u0131l\u0131 ba\u015f\u0131nda 10.000 m\u00b2 kapal\u0131 alan \u00fczerine kurulu modern ve entegre \u00fcretim tesisini faaliyete ge\u00e7irerek, hal\u0131 sekt\u00f6r\u00fcnde g\u00fc\u00e7l\u00fc ve s\u00fcrd\u00fcr\u00fclebilir bir \u00fcretim yap\u0131s\u0131na ad\u0131m atm\u0131\u015ft\u0131r.<\/p>\n<p data-start=\"356\" data-end=\"624\">Kurulu\u015fumuz, sadece iplik ve elyaf hammaddesi tedarik ederek \u00fcretimin t\u00fcm a\u015famalar\u0131n\u0131 b\u00fcnyesinde ger\u00e7ekle\u015ftiren entegre yap\u0131s\u0131 sayesinde, dijital bask\u0131l\u0131 kaymaz tabanl\u0131 hal\u0131 \u00fcretiminde y\u00fcksek kalite, yenilik\u00e7ilik ve verimlilik ilkelerini bir araya getirmektedir.<\/p>\n<h3 data-start=\"626\" data-end=\"671\">\u00dcretim Kapasitesi ve Teknolojik Altyap\u0131<\/h3>\n<ul data-start=\"672\" data-end=\"1217\">\n<li data-start=\"672\" data-end=\"790\">\n<p data-start=\"674\" data-end=\"790\">Ayl\u0131k 500.000 m\u00b2 \u00fcretim kapasitesi ile T\u00fcrkiye\u2019nin en b\u00fcy\u00fck \u00fcretim tesislerinden biri olma yolunda ilerlemektedir.<\/p>\n<\/li>\n<li data-start=\"791\" data-end=\"930\">\n<p data-start=\"793\" data-end=\"930\">Modern makine parkuru ve ileri dijital bask\u0131 teknolojileri sayesinde y\u00fcksek \u00e7\u00f6z\u00fcn\u00fcrl\u00fckl\u00fc, estetik ve fonksiyonel \u00fcr\u00fcnler sunulmaktad\u0131r.<\/p>\n<\/li>\n<li data-start=\"931\" data-end=\"1069\">\n<p data-start=\"933\" data-end=\"1069\">Entegre \u00fcretim hatt\u0131 sayesinde hammadde giri\u015finden son \u00fcr\u00fcn \u00e7\u0131k\u0131\u015f\u0131na kadar t\u00fcm s\u00fcre\u00e7ler kalite kontrol sistemleriyle denetlenmektedir.<\/p>\n<\/li>\n<li data-start=\"1070\" data-end=\"1217\">\n<p data-start=\"1072\" data-end=\"1217\">\u00d6zellikle dijital bask\u0131l\u0131 kaymaz tabanl\u0131 hal\u0131 \u00fcretiminde ileri teknolojiler kullan\u0131larak uzun \u00f6m\u00fcrl\u00fc ve g\u00fcvenli \u00fcr\u00fcnler geli\u015ftirilmektedir.<\/p>\n<\/li>\n<\/ul>\n<h3 data-start=\"1219\" data-end=\"1248\">\u0130stihdam ve Katma De\u011fer<\/h3>\n<ul data-start=\"1249\" data-end=\"1665\">\n<li data-start=\"1249\" data-end=\"1320\">\n<p data-start=\"1251\" data-end=\"1320\">Halihaz\u0131rda 80 ki\u015filik bir uzman kadro ile faaliyet g\u00f6stermekteyiz.<\/p>\n<\/li>\n<li data-start=\"1321\" data-end=\"1415\">\n<p data-start=\"1323\" data-end=\"1415\">K\u0131sa vadede istihdam\u0131 art\u0131rarak \u00fclke ekonomisine daha fazla katk\u0131 sunmak hedeflenmektedir.<\/p>\n<\/li>\n<li data-start=\"1416\" data-end=\"1493\">\n<p data-start=\"1418\" data-end=\"1493\">Nitelikli i\u015f g\u00fcc\u00fc yarat\u0131larak, b\u00f6lgesel kalk\u0131nmaya destek sa\u011flanmaktad\u0131r.<\/p>\n<\/li>\n<li data-start=\"1494\" data-end=\"1665\">\n<p data-start=\"1496\" data-end=\"1665\">Y\u00fcksek standartlarda \u00fcretilen dijital bask\u0131l\u0131 kaymaz tabanl\u0131 hal\u0131 \u00fcr\u00fcnleri ile hem i\u00e7 pazarda hem de uluslararas\u0131 pazarda g\u00fc\u00e7l\u00fc bir marka de\u011feri olu\u015fturulmaktad\u0131r.<\/p>\n<\/li>\n<\/ul>\n<\/li>\n<\/ul>\n<hr data-start=\"786\" data-end=\"789\" \/>\n<h5><strong data-start=\"794\" data-end=\"837\">\u00dcretim Kapasitesi ve Teknolojik Altyap\u0131<\/strong><\/h5>\n<ul data-start=\"840\" data-end=\"1241\">\n<li data-start=\"840\" data-end=\"962\">\n<p data-start=\"842\" data-end=\"962\">Ayl\u0131k <strong data-start=\"848\" data-end=\"862\">500.000 m\u00b2<\/strong> \u00fcretim kapasitesi ile T\u00fcrkiye\u2019nin en b\u00fcy\u00fck \u00fcretim tesislerinden biri olma yolunda ilerlemektedir.<\/p>\n<\/li>\n<li data-start=\"963\" data-end=\"1102\">\n<p data-start=\"965\" data-end=\"1102\">Modern makine parkuru ve ileri dijital bask\u0131 teknolojileri sayesinde y\u00fcksek \u00e7\u00f6z\u00fcn\u00fcrl\u00fckl\u00fc, estetik ve fonksiyonel \u00fcr\u00fcnler sunulmaktad\u0131r.<\/p>\n<\/li>\n<li data-start=\"1103\" data-end=\"1241\">\n<p data-start=\"1105\" data-end=\"1241\">Entegre \u00fcretim hatt\u0131 sayesinde hammadde giri\u015finden son \u00fcr\u00fcn \u00e7\u0131k\u0131\u015f\u0131na kadar t\u00fcm s\u00fcre\u00e7ler kalite kontrol sistemleriyle denetlenmektedir.<\/p>\n<\/li>\n<\/ul>\n<hr data-start=\"1243\" data-end=\"1246\" \/>\n<ul data-start=\"1281\" data-end=\"1554\">\n<li><strong data-start=\"1251\" data-end=\"1278\">\u0130stihdam ve Katma De\u011fer<\/strong><\/li>\n<li data-start=\"1281\" data-end=\"1356\">\n<p data-start=\"1283\" data-end=\"1356\">Halihaz\u0131rda <strong data-start=\"1295\" data-end=\"1325\">80 ki\u015filik bir uzman kadro<\/strong> ile faaliyet g\u00f6stermekteyiz.<\/p>\n<\/li>\n<li data-start=\"1357\" data-end=\"1452\">\n<p data-start=\"1359\" data-end=\"1452\">K\u0131sa vadede istihdam\u0131 art\u0131rarak b\u00f6lge ekonomisine daha fazla katk\u0131 sunmak hedeflenmektedir.<\/p>\n<\/li>\n<li data-start=\"1453\" data-end=\"1554\">\n<p data-start=\"1455\" data-end=\"1554\">B\u00f6lge ve \u00e7evre illerde nitelikli i\u015f g\u00fcc\u00fc yarat\u0131larak, b\u00f6lgesel kalk\u0131nmaya destek sa\u011flanmaktad\u0131r.<\/p>\n<\/li>\n<\/ul>\n<hr data-start=\"1556\" data-end=\"1559\" \/>\n<h5><strong data-start=\"1564\" data-end=\"1578\">Misyonumuz<\/strong><\/h5>\n<p data-start=\"1581\" data-end=\"1853\">M\u00fc\u015fterilerimize estetik, dayan\u0131kl\u0131 ve fonksiyonel hal\u0131lar sunarken; kaliteyi, yenili\u011fi ve m\u00fc\u015fteri memnuniyetini \u00f6n planda tutmak. \u00dcretim s\u00fcre\u00e7lerinde \u00e7evreye duyarl\u0131 teknolojiler kullanarak s\u00fcrd\u00fcr\u00fclebilir bir b\u00fcy\u00fcme modeli geli\u015ftirmek ve \u00fclke ekonomisine katk\u0131 sa\u011flamak.<\/p>\n<hr data-start=\"1855\" data-end=\"1858\" \/>\n<h5><strong data-start=\"1863\" data-end=\"1877\">Vizyonumuz<\/strong><\/h5>\n<p data-start=\"1880\" data-end=\"2146\">Dijital bask\u0131l\u0131 ve kaymaz tabanl\u0131 hal\u0131 \u00fcretiminde ulusal ve uluslararas\u0131 pazarda <strong data-start=\"1961\" data-end=\"1993\">lider ve g\u00fcvenilir bir marka<\/strong> olmak. Sekt\u00f6rde yenilik\u00e7i tasar\u0131mlar ve y\u00fcksek \u00fcretim kapasitesiyle fark yaratmak, ayn\u0131 zamanda b\u00f6lgesel kalk\u0131nman\u0131n \u00f6nemli bir akt\u00f6r\u00fc olarak an\u0131lmak.<\/p>\n<hr data-start=\"2148\" data-end=\"2151\" \/>\n<h5><strong data-start=\"2156\" data-end=\"2172\">De\u011ferlerimiz<\/strong><\/h5>\n<ul data-start=\"2175\" data-end=\"2692\">\n<li data-start=\"2175\" data-end=\"2255\">\n<p data-start=\"2177\" data-end=\"2255\"><strong data-start=\"2177\" data-end=\"2187\">Kalite<\/strong>: \u00dcretimin her a\u015famas\u0131nda y\u00fcksek kalite standartlar\u0131n\u0131 benimsemek.<\/p>\n<\/li>\n<li data-start=\"2256\" data-end=\"2346\">\n<p data-start=\"2258\" data-end=\"2346\"><strong data-start=\"2258\" data-end=\"2274\">Yenilik\u00e7ilik<\/strong>: S\u00fcrekli geli\u015fen tasar\u0131m ve teknoloji anlay\u0131\u015f\u0131yla sekt\u00f6re y\u00f6n vermek.<\/p>\n<\/li>\n<li data-start=\"2347\" data-end=\"2450\">\n<p data-start=\"2349\" data-end=\"2450\"><strong data-start=\"2349\" data-end=\"2370\">M\u00fc\u015fteri Odakl\u0131l\u0131k<\/strong>: M\u00fc\u015fteri ihtiya\u00e7lar\u0131n\u0131 analiz ederek, beklentilerin \u00f6tesinde \u00e7\u00f6z\u00fcmler sunmak.<\/p>\n<\/li>\n<li data-start=\"2451\" data-end=\"2574\">\n<p data-start=\"2453\" data-end=\"2574\"><strong data-start=\"2453\" data-end=\"2474\">S\u00fcrd\u00fcr\u00fclebilirlik<\/strong>: \u00c7evreye duyarl\u0131 \u00fcretim s\u00fcre\u00e7leri ve verimli kaynak kullan\u0131m\u0131 ile gelecek nesillere de\u011fer katmak.<\/p>\n<\/li>\n<li data-start=\"2575\" data-end=\"2692\">\n<p data-start=\"2577\" data-end=\"2692\"><strong data-start=\"2577\" data-end=\"2593\">\u0130nsana De\u011fer<\/strong>: \u00c7al\u0131\u015fanlar\u0131m\u0131z\u0131n geli\u015fimini destekleyerek g\u00fcvenli, adil ve verimli bir \u00e7al\u0131\u015fma ortam\u0131 sa\u011flamak.<\/p>\n<\/li>\n<\/ul>\n<hr data-start=\"2694\" data-end=\"2697\" \/>\n<h5><strong data-start=\"2702\" data-end=\"2728\">Stratejik Hedeflerimiz<\/strong><\/h5>\n<ul data-start=\"2731\" data-end=\"3181\">\n<li data-start=\"2731\" data-end=\"2852\">\n<p data-start=\"2733\" data-end=\"2852\">\u0130\u00e7 pazarda g\u00fc\u00e7l\u00fc bir marka konumuna ula\u015fmak ve k\u0131sa s\u00fcrede ihracat kapasitemizi art\u0131rarak global pazarda yer edinmek.<\/p>\n<\/li>\n<li data-start=\"2853\" data-end=\"2974\">\n<p data-start=\"2855\" data-end=\"2974\">Dijital bask\u0131 ve kaymaz tabanl\u0131 hal\u0131 \u00fcretiminde <strong data-start=\"2903\" data-end=\"2926\">tasar\u0131m \u00e7e\u015fitlili\u011fi<\/strong> ile farkl\u0131 m\u00fc\u015fteri segmentlerine hitap etmek.<\/p>\n<\/li>\n<li data-start=\"2975\" data-end=\"3061\">\n<p data-start=\"2977\" data-end=\"3061\">Teknoloji yat\u0131r\u0131mlar\u0131m\u0131z\u0131 art\u0131rarak \u00fcretim verimlili\u011fini en \u00fcst seviyeye \u00e7\u0131karmak.<\/p>\n<\/li>\n<li data-start=\"3062\" data-end=\"3181\">\n<p data-start=\"3064\" data-end=\"3181\">\u00c7al\u0131\u015fanlar\u0131m\u0131z i\u00e7in s\u00fcrekli e\u011fitim ve geli\u015fim programlar\u0131 uygulayarak, nitelikli i\u015f g\u00fcc\u00fcyle sekt\u00f6rde fark yaratmak.<\/p>\n<\/li>\n<\/ul>\t\t\t\t\t\t<\/div>\n\t\t\t\t<\/div>\n\t\t\t\t\t<\/div>\n\t\t\t\t<\/div>\n\t\t<div class=\"elementor-element elementor-element-6760939 e-con-full e-flex e-con e-parent\" data-id=\"6760939\" data-element_type=\"container\" data-settings=\"{&quot;content_width&quot;:&quot;full&quot;}\" data-core-v316-plus=\"true\">\n\t\t\t\t<div class=\"elementor-element elementor-element-f6ce01f elementor-invisible elementor-widget elementor-widget-video\" data-id=\"f6ce01f\" data-element_type=\"widget\" data-settings=\"{&quot;video_type&quot;:&quot;hosted&quot;,&quot;_animation&quot;:&quot;fadeInUp&quot;,&quot;controls&quot;:&quot;yes&quot;}\" data-widget_type=\"video.default\">\n\t\t\t\t<div class=\"elementor-widget-container\">\n\t\t\t<style>\/*! elementor - v3.17.0 - 08-11-2023 *\/\n.elementor-widget-video .elementor-widget-container{overflow:hidden;transform:translateZ(0)}.elementor-widget-video .elementor-wrapper{aspect-ratio:var(--video-aspect-ratio)}.elementor-widget-video .elementor-wrapper iframe,.elementor-widget-video .elementor-wrapper video{height:100%;width:100%;display:flex;border:none;background-color:#000}@supports not (aspect-ratio:1\/1){.elementor-widget-video .elementor-wrapper{position:relative;overflow:hidden;height:0;padding-bottom:calc(100% \/ var(--video-aspect-ratio))}.elementor-widget-video .elementor-wrapper iframe,.elementor-widget-video .elementor-wrapper video{position:absolute;top:0;right:0;bottom:0;left:0}}.elementor-widget-video .elementor-open-inline .elementor-custom-embed-image-overlay{position:absolute;top:0;right:0;bottom:0;left:0;background-size:cover;background-position:50%}.elementor-widget-video .elementor-custom-embed-image-overlay{cursor:pointer;text-align:center}.elementor-widget-video .elementor-custom-embed-image-overlay:hover .elementor-custom-embed-play i{opacity:1}.elementor-widget-video .elementor-custom-embed-image-overlay img{display:block;width:100%;aspect-ratio:var(--video-aspect-ratio);-o-object-fit:cover;object-fit:cover;-o-object-position:center center;object-position:center center}@supports not (aspect-ratio:1\/1){.elementor-widget-video .elementor-custom-embed-image-overlay{position:relative;overflow:hidden;height:0;padding-bottom:calc(100% \/ var(--video-aspect-ratio))}.elementor-widget-video .elementor-custom-embed-image-overlay img{position:absolute;top:0;right:0;bottom:0;left:0}}.elementor-widget-video .e-hosted-video .elementor-video{-o-object-fit:cover;object-fit:cover}.e-con-inner>.elementor-widget-video,.e-con>.elementor-widget-video{width:var(--container-widget-width);--flex-grow:var(--container-widget-flex-grow)}<\/style>\t\t<div class=\"e-hosted-video elementor-wrapper elementor-open-inline\">\n\t\t\t\t\t<video class=\"elementor-video\" src=\"https:\/\/aztplastik.com\/wp-content\/uploads\/2025\/09\/VODE1.mp4\" controls=\"\" preload=\"metadata\" controlsList=\"nodownload\"><\/video>\n\t\t\t\t<\/div>\n\t\t\t\t<\/div>\n\t\t\t\t<\/div>\n\t\t\t\t<div class=\"elementor-element elementor-element-813ec02 elementor-invisible elementor-widget elementor-widget-video\" data-id=\"813ec02\" data-element_type=\"widget\" data-settings=\"{&quot;video_type&quot;:&quot;hosted&quot;,&quot;_animation&quot;:&quot;fadeInUp&quot;,&quot;controls&quot;:&quot;yes&quot;}\" data-widget_type=\"video.default\">\n\t\t\t\t<div class=\"elementor-widget-container\">\n\t\t\t\t\t<div class=\"e-hosted-video elementor-wrapper elementor-open-inline\">\n\t\t\t\t\t<video class=\"elementor-video\" src=\"https:\/\/aztplastik.com\/wp-content\/uploads\/2025\/09\/VODE2.mp4\" controls=\"\" preload=\"metadata\" controlsList=\"nodownload\"><\/video>\n\t\t\t\t<\/div>\n\t\t\t\t<\/div>\n\t\t\t\t<\/div>\n\t\t\t\t<div class=\"elementor-element elementor-element-040d6ea elementor-invisible elementor-widget elementor-widget-video\" data-id=\"040d6ea\" data-element_type=\"widget\" data-settings=\"{&quot;video_type&quot;:&quot;hosted&quot;,&quot;_animation&quot;:&quot;fadeInUp&quot;,&quot;controls&quot;:&quot;yes&quot;}\" data-widget_type=\"video.default\">\n\t\t\t\t<div class=\"elementor-widget-container\">\n\t\t\t\t\t<div class=\"e-hosted-video elementor-wrapper elementor-open-inline\">\n\t\t\t\t\t<video class=\"elementor-video\" src=\"https:\/\/aztplastik.com\/wp-content\/uploads\/2025\/09\/VODE3.mp4\" controls=\"\" preload=\"metadata\" controlsList=\"nodownload\"><\/video>\n\t\t\t\t<\/div>\n\t\t\t\t<\/div>\n\t\t\t\t<\/div>\n\t\t\t\t<div class=\"elementor-element elementor-element-f842ff6 elementor-widget__width-initial elementor-invisible elementor-widget elementor-widget-video\" data-id=\"f842ff6\" data-element_type=\"widget\" data-settings=\"{&quot;video_type&quot;:&quot;hosted&quot;,&quot;loop&quot;:&quot;yes&quot;,&quot;_animation&quot;:&quot;fadeInUp&quot;,&quot;controls&quot;:&quot;yes&quot;}\" data-widget_type=\"video.default\">\n\t\t\t\t<div class=\"elementor-widget-container\">\n\t\t\t\t\t<div class=\"e-hosted-video elementor-wrapper elementor-open-inline\">\n\t\t\t\t\t<video class=\"elementor-video\" src=\"https:\/\/aztplastik.com\/wp-content\/uploads\/2025\/09\/VODE4.mp4\" loop=\"\" controls=\"\" preload=\"metadata\" controlsList=\"nodownload\"><\/video>\n\t\t\t\t<\/div>\n\t\t\t\t<\/div>\n\t\t\t\t<\/div>\n\t\t\t\t<\/div>\n\t\t\t\t\t\t\t<\/div>\n\t\t","protected":false},"excerpt":{"rendered":"<p>Modern teknolojilerle \u00fcretilen, estetik ve dayan\u0131kl\u0131 hal\u0131lar Firmam\u0131z, 2025 y\u0131l\u0131 ba\u015f\u0131nda 10.000 m\u00b2 kapal\u0131 alan \u00fczerine kurulu modern ve entegre \u00fcretim tesisini faaliyete ge\u00e7irerek, hal\u0131 sekt\u00f6r\u00fcnde g\u00fc\u00e7l\u00fc ve s\u00fcrd\u00fcr\u00fclebilir bir \u00fcretim yap\u0131s\u0131na ad\u0131m atm\u0131\u015ft\u0131r. Kurulu\u015fumuz, sadece iplik ve elyaf hammaddesi tedarik ederek \u00fcretimin t\u00fcm a\u015famalar\u0131n\u0131 b\u00fcnyesinde ger\u00e7ekle\u015ftiren entegre yap\u0131s\u0131 sayesinde, dijital bask\u0131l\u0131 kaymaz tabanl\u0131 hal\u0131 &hellip; <a href=\"https:\/\/aztplastik.com\/index.php\/hali-uretim\/\" class=\"more-link\">Continue reading <span class=\"screen-reader-text\">Hal\u0131 \u00dcretim<\/span><\/a><\/p>\n","protected":false},"author":1,"featured_media":0,"parent":0,"menu_order":0,"comment_status":"closed","ping_status":"closed","template":"","meta":{"footnotes":""},"class_list":["post-9838","page","type-page","status-publish","hentry"],"_links":{"self":[{"href":"https:\/\/aztplastik.com\/index.php\/wp-json\/wp\/v2\/pages\/9838","targetHints":{"allow":["GET"]}}],"collection":[{"href":"https:\/\/aztplastik.com\/index.php\/wp-json\/wp\/v2\/pages"}],"about":[{"href":"https:\/\/aztplastik.com\/index.php\/wp-json\/wp\/v2\/types\/page"}],"author":[{"embeddable":true,"href":"https:\/\/aztplastik.com\/index.php\/wp-json\/wp\/v2\/users\/1"}],"replies":[{"embeddable":true,"href":"https:\/\/aztplastik.com\/index.php\/wp-json\/wp\/v2\/comments?post=9838"}],"version-history":[{"count":17,"href":"https:\/\/aztplastik.com\/index.php\/wp-json\/wp\/v2\/pages\/9838\/revisions"}],"predecessor-version":[{"id":9875,"href":"https:\/\/aztplastik.com\/index.php\/wp-json\/wp\/v2\/pages\/9838\/revisions\/9875"}],"wp:attachment":[{"href":"https:\/\/aztplastik.com\/index.php\/wp-json\/wp\/v2\/media?parent=9838"}],"curies":[{"name":"wp","href":"https:\/\/api.w.org\/{rel}","templated":true}]}}